{"id":630,"date":"2023-11-27T21:31:34","date_gmt":"2023-11-27T21:31:34","guid":{"rendered":"https:\/\/samariter-appenzell.info\/wordpress\/?page_id=630"},"modified":"2024-01-27T20:30:11","modified_gmt":"2024-01-27T20:30:11","slug":"gonner-und-spenden","status":"publish","type":"page","link":"https:\/\/samariter-appenzell.info\/?page_id=630","title":{"rendered":"G\u00f6nner und Spenden"},"content":{"rendered":"\t\t<div data-elementor-type=\"wp-page\" data-elementor-id=\"630\" class=\"elementor elementor-630\">\n\t\t\t\t\t\t<section class=\"elementor-section elementor-top-section elementor-element elementor-element-cd520f2 elementor-section-boxed elementor-section-height-default elementor-section-height-default\" data-id=\"cd520f2\" data-element_type=\"section\" data-e-type=\"section\">\n\t\t\t\t\t\t<div class=\"elementor-container elementor-column-gap-default\">\n\t\t\t\t\t<div class=\"elementor-column elementor-col-66 elementor-top-column elementor-element elementor-element-d1ac028\" data-id=\"d1ac028\" data-element_type=\"column\" data-e-type=\"column\">\n\t\t\t<div class=\"elementor-widget-wrap elementor-element-populated\">\n\t\t\t\t\t\t<div class=\"elementor-element elementor-element-02868e3 elementor-widget elementor-widget-text-editor\" data-id=\"02868e3\" data-element_type=\"widget\" data-e-type=\"widget\" data-widget_type=\"text-editor.default\">\n\t\t\t\t<div class=\"elementor-widget-container\">\n\t\t\t\t\t\t\t\t\t<h2>Sie m\u00f6chten spenden oder G\u00f6nner werden?<\/h2><p>Dar\u00fcber w\u00fcrden wir uns sehr freuen!\u00a0<\/p><p>Als gemeinn\u00fctzige Organisation sind wir immer wieder auf finanzielle Unterst\u00fctzung angewiesen.\u00a0Eine kompetente und aktuelle Weiterbildung unserer Samariterinnen und Samaritern ist f\u00fcr uns sehr wichtig. Die R\u00e4umlichkeiten um Kurse anzubieten und Monats\u00fcbungen durchzuf\u00fchren, Material f\u00fcr die \u00dcbungen und Sanit\u00e4tsdienste sowie einheitliche und gut gekennzeichnete Einsatzkleidung geh\u00f6ren ebenfalls zu den Dingen f\u00fcr die wir um finanzielle Unterst\u00fctzung dankbar sind.\u00a0<\/p><p>Wenn Sie weitere Informationen w\u00fcnschen, melden Sie sich gerne.\u00a0Sie finden die M\u00f6glichkeiten einer Kontaktaufnahme mit unserer Pr\u00e4sidentin unter der Rubrik Kontakt.\u00a0<\/p>\t\t\t\t\t\t\t\t<\/div>\n\t\t\t\t<\/div>\n\t\t\t\t<div class=\"elementor-element elementor-element-9f383ae elementor-align-center elementor-widget elementor-widget-button\" data-id=\"9f383ae\" data-element_type=\"widget\" data-e-type=\"widget\" data-widget_type=\"button.default\">\n\t\t\t\t<div class=\"elementor-widget-container\">\n\t\t\t\t\t\t\t\t\t<div class=\"elementor-button-wrapper\">\n\t\t\t\t\t<a class=\"elementor-button elementor-button-link elementor-size-sm\" href=\"https:\/\/samariter-appenzell.info\/?page_id=990\">\n\t\t\t\t\t\t<span class=\"elementor-button-content-wrapper\">\n\t\t\t\t\t\t\t\t\t<span class=\"elementor-button-text\">Hier gelangen Sie direkt zum Kontaktformular<\/span>\n\t\t\t\t\t<\/span>\n\t\t\t\t\t<\/a>\n\t\t\t\t<\/div>\n\t\t\t\t\t\t\t\t<\/div>\n\t\t\t\t<\/div>\n\t\t\t\t\t<\/div>\n\t\t<\/div>\n\t\t\t\t<div class=\"elementor-column elementor-col-33 elementor-top-column elementor-element elementor-element-b4c58ac\" data-id=\"b4c58ac\" data-element_type=\"column\" data-e-type=\"column\">\n\t\t\t<div class=\"elementor-widget-wrap elementor-element-populated\">\n\t\t\t\t\t\t<div class=\"elementor-element elementor-element-2cf68e7 elementor-widget elementor-widget-text-editor\" data-id=\"2cf68e7\" data-element_type=\"widget\" data-e-type=\"widget\" data-widget_type=\"text-editor.default\">\n\t\t\t\t<div class=\"elementor-widget-container\">\n\t\t\t\t\t\t\t\t\t<h3>Sie m\u00f6chten spenden?<\/h3><p>Unser Konto ist bei der Appenzeller Kantonalbank.<\/p><p style=\"background: white; margin: 0cm 0cm 18.0pt 0cm;\"><span style=\"font-family: 'Arial',sans-serif; color: #231f20;\">Samariterverein Appenzell, <\/span><span style=\"font-family: 'Arial',sans-serif; color: #231f20;\">9050 Appenzell <\/span><\/p><p style=\"background: white; margin: 0cm 0cm 18.0pt 0cm;\"><span style=\"font-family: 'Arial',sans-serif; color: #231f20;\">CH10 0076 3605 5000 5560 9<\/span><\/p><p>Oder direkt \u00fcber den untenstehenden QR Code.<\/p>\t\t\t\t\t\t\t\t<\/div>\n\t\t\t\t<\/div>\n\t\t\t\t<div class=\"elementor-element elementor-element-3280010 elementor-widget elementor-widget-image\" data-id=\"3280010\" data-element_type=\"widget\" data-e-type=\"widget\" data-widget_type=\"image.default\">\n\t\t\t\t<div class=\"elementor-widget-container\">\n\t\t\t\t\t\t\t\t\t\t\t\t\t\t\t<img fetchpriority=\"high\" decoding=\"async\" width=\"624\" height=\"640\" src=\"https:\/\/samariter-appenzell.info\/wp-content\/uploads\/2024\/01\/QR-Code.jpg\" class=\"attachment-large size-large wp-image-1073\" alt=\"\" srcset=\"https:\/\/samariter-appenzell.info\/wp-content\/uploads\/2024\/01\/QR-Code.jpg 624w, https:\/\/samariter-appenzell.info\/wp-content\/uploads\/2024\/01\/QR-Code-293x300.jpg 293w\" sizes=\"(max-width: 624px) 100vw, 624px\" \/>\t\t\t\t\t\t\t\t\t\t\t\t\t\t\t<\/div>\n\t\t\t\t<\/div>\n\t\t\t\t\t<\/div>\n\t\t<\/div>\n\t\t\t\t\t<\/div>\n\t\t<\/section>\n\t\t\t\t<section class=\"elementor-section elementor-top-section elementor-element elementor-element-f998c2f elementor-section-boxed elementor-section-height-default elementor-section-height-default\" data-id=\"f998c2f\" data-element_type=\"section\" data-e-type=\"section\">\n\t\t\t\t\t\t<div class=\"elementor-container elementor-column-gap-default\">\n\t\t\t\t\t<div class=\"elementor-column elementor-col-100 elementor-top-column elementor-element elementor-element-3bba6a0\" data-id=\"3bba6a0\" data-element_type=\"column\" data-e-type=\"column\">\n\t\t\t<div class=\"elementor-widget-wrap\">\n\t\t\t\t\t\t\t<\/div>\n\t\t<\/div>\n\t\t\t\t\t<\/div>\n\t\t<\/section>\n\t\t\t\t<\/div>\n\t\t","protected":false},"excerpt":{"rendered":"<p>Sie m\u00f6chten spenden oder G\u00f6nner werden? Dar\u00fcber w\u00fcrden wir uns sehr freuen!\u00a0 Als gemeinn\u00fctzige Organisation sind wir immer wieder auf finanzielle Unterst\u00fctzung angewiesen.\u00a0Eine kompetente und aktuelle Weiterbildung unserer Samariterinnen und Samaritern ist f\u00fcr uns sehr wichtig. Die R\u00e4umlichkeiten um Kurse anzubieten und Monats\u00fcbungen durchzuf\u00fchren, Material f\u00fcr die \u00dcbungen und Sanit\u00e4tsdienste sowie einheitliche und gut gekennzeichnete&hellip;&nbsp;<a href=\"https:\/\/samariter-appenzell.info\/?page_id=630\" class=\"\" rel=\"bookmark\">Weiterlesen &raquo;<span class=\"screen-reader-text\">G\u00f6nner und Spenden<\/span><\/a><\/p>\n","protected":false},"author":1,"featured_media":0,"parent":0,"menu_order":0,"comment_status":"closed","ping_status":"closed","template":"page-templates\/template-pagebuilder-full-width.php","meta":{"neve_meta_sidebar":"","neve_meta_container":"","neve_meta_enable_content_width":"","neve_meta_content_width":0,"neve_meta_title_alignment":"","neve_meta_author_avatar":"","neve_post_elements_order":"","neve_meta_disable_header":"","neve_meta_disable_footer":"","neve_meta_disable_title":"","_themeisle_gutenberg_block_has_review":false,"footnotes":""},"class_list":["post-630","page","type-page","status-publish","hentry"],"_links":{"self":[{"href":"https:\/\/samariter-appenzell.info\/index.php?rest_route=\/wp\/v2\/pages\/630","targetHints":{"allow":["GET"]}}],"collection":[{"href":"https:\/\/samariter-appenzell.info\/index.php?rest_route=\/wp\/v2\/pages"}],"about":[{"href":"https:\/\/samariter-appenzell.info\/index.php?rest_route=\/wp\/v2\/types\/page"}],"author":[{"embeddable":true,"href":"https:\/\/samariter-appenzell.info\/index.php?rest_route=\/wp\/v2\/users\/1"}],"replies":[{"embeddable":true,"href":"https:\/\/samariter-appenzell.info\/index.php?rest_route=%2Fwp%2Fv2%2Fcomments&post=630"}],"version-history":[{"count":58,"href":"https:\/\/samariter-appenzell.info\/index.php?rest_route=\/wp\/v2\/pages\/630\/revisions"}],"predecessor-version":[{"id":1298,"href":"https:\/\/samariter-appenzell.info\/index.php?rest_route=\/wp\/v2\/pages\/630\/revisions\/1298"}],"wp:attachment":[{"href":"https:\/\/samariter-appenzell.info\/index.php?rest_route=%2Fwp%2Fv2%2Fmedia&parent=630"}],"curies":[{"name":"wp","href":"https:\/\/api.w.org\/{rel}","templated":true}]}}