{"id":586,"date":"2023-11-26T13:50:05","date_gmt":"2023-11-26T13:50:05","guid":{"rendered":"https:\/\/samariter-appenzell.info\/wordpress\/?page_id=586"},"modified":"2024-10-10T18:27:54","modified_gmt":"2024-10-10T18:27:54","slug":"first-aid-stufe-2-2","status":"publish","type":"page","link":"https:\/\/samariter-appenzell.info\/?page_id=586","title":{"rendered":"First Aid Stufe 2"},"content":{"rendered":"\t\t<div data-elementor-type=\"wp-page\" data-elementor-id=\"586\" class=\"elementor elementor-586\">\n\t\t\t\t\t\t<section class=\"elementor-section elementor-top-section elementor-element elementor-element-50a6263 elementor-section-boxed elementor-section-height-default elementor-section-height-default\" data-id=\"50a6263\" data-element_type=\"section\" data-e-type=\"section\">\n\t\t\t\t\t\t<div class=\"elementor-container elementor-column-gap-default\">\n\t\t\t\t\t<div class=\"elementor-column elementor-col-100 elementor-top-column elementor-element elementor-element-2bb67b8\" data-id=\"2bb67b8\" data-element_type=\"column\" data-e-type=\"column\">\n\t\t\t<div class=\"elementor-widget-wrap elementor-element-populated\">\n\t\t\t\t\t\t\t<\/div>\n\t\t<\/div>\n\t\t\t\t\t<\/div>\n\t\t<\/section>\n\t\t\t\t<section class=\"elementor-section elementor-top-section elementor-element elementor-element-2b1d1fd elementor-section-boxed elementor-section-height-default elementor-section-height-default\" data-id=\"2b1d1fd\" data-element_type=\"section\" data-e-type=\"section\">\n\t\t\t\t\t\t<div class=\"elementor-container elementor-column-gap-default\">\n\t\t\t\t\t<div class=\"elementor-column elementor-col-66 elementor-top-column elementor-element elementor-element-3f2c57e\" data-id=\"3f2c57e\" data-element_type=\"column\" data-e-type=\"column\">\n\t\t\t<div class=\"elementor-widget-wrap elementor-element-populated\">\n\t\t\t\t\t\t<div class=\"elementor-element elementor-element-440f800 elementor-widget elementor-widget-text-editor\" data-id=\"440f800\" data-element_type=\"widget\" data-e-type=\"widget\" data-widget_type=\"text-editor.default\">\n\t\t\t\t<div class=\"elementor-widget-container\">\n\t\t\t\t\t\t\t\t\t<div>\n<h2>First Aid Stufe 2<\/h2>\n<p>Im Kurs First Aid Stufe 2 IVR festigen und erweitern Sie Ihr Wissen in Bezug auf Erste-Hilfe Massnahmen bei akuten Erkrankungen oder K\u00f6rpersch\u00e4digung nach einem Unfall. Sie wiederholen Ihre Grundkenntnisse in Sicherheits- und Hygienemassnahmen.<\/p>\n<\/div>\n<div>\n<p>Der Kurs erm\u00f6glicht es Ihnen, im Alltag, bei der Arbeit, in der Familie oder in der Freizeit, sicher Erste Hilfe zu leisten. W\u00e4hrend des Kurses werden die Wiederbelebungsmassnahmen repetiert.<\/p>\n<\/div>\n<div>\n<p><strong>Inhalt<\/strong><\/p>\n<p>Sie lernen und trainieren in einem abwechslungsreichen Kurs in verschiedenen Fallszenarien einfach und verst\u00e4ndlich die Erste Hilfe-Massnahmen. Der Kurs beinhaltet folgende Themen:<\/p>\n<ul>\n<li>Repetition der Grundkenntnisse First Aid Stufe 1 IVR<\/li>\n<li>Patientenbeurteilung nach xABCDE und AVPU-Schema<\/li>\n<li>Erste-Hilfe-Massnahmen beim ansprechbaren, bewusstlosen oder leblosen Patienten<\/li>\n<li>Neue Materialen im praktischen Training anwenden (Tourniquet, Augendusche usw.)<\/li>\n<li>Unterst\u00fctzung der verschieden Rettungsorganisationen<\/li>\n<\/ul>\n<p><strong>Zielgruppe<\/strong><br \/>Alle Personen, die interessiert sind, ihre Fertigkeiten in Erster Hilfe im Alltag sowie f\u00fcr pr\u00e4ventive Massnahmen zu vertiefen und die bereits den Kurs \u00abFirst Aid Stufe 1 IVR\u00bb oder den Kurs\u00a0\u00abBLS-AED-SRC komplett\u00bb und den \u00abNothilfekurs\u00bb absolviert haben.<\/p>\n<p><strong>Voraussetzungen<\/strong><br \/>G\u00fcltiges Zertifikat First Aid Stufe 1 IVR (inkl. BLS-AED-SRC komplett) bzw. Refresher Stufe 1 nicht \u00e4lter als 2 Jahre oder g\u00fcltiges Zertifikat BLS-AED-SRC komplett sowie g\u00fcltiger Nothilfekursausweis, nicht \u00e4lter als 2 Jahre.<\/p>\n<p><strong>Dauer<\/strong><br \/>21 Stunden<\/p>\n<p><strong>Kosten<\/strong><br \/>450.-<\/p>\n<p><strong style=\"color: var(--nv-text-color); font-family: var(--bodyfontfamily),var(--nv-fallback-ff); font-size: var(--bodyfontsize); letter-spacing: var(--bodyletterspacing); text-transform: var(--bodytexttransform); background-color: var(--nv-site-bg);\">Zertifikat<\/strong><\/p>\n<p>Nach Abschluss des Kurses erhalten Sie das Zertifikat First Aid Stufe 2 IVR (G\u00fcltigkeit 2 Jahre) sowie das Zertifikat BLS-AED-SRC komplett (G\u00fcltigkeit 2 Jahre).<\/p>\n<\/div>\t\t\t\t\t\t\t\t<\/div>\n\t\t\t\t<\/div>\n\t\t\t\t\t<\/div>\n\t\t<\/div>\n\t\t\t\t<div class=\"elementor-column elementor-col-33 elementor-top-column elementor-element elementor-element-e091112\" data-id=\"e091112\" data-element_type=\"column\" data-e-type=\"column\">\n\t\t\t<div class=\"elementor-widget-wrap elementor-element-populated\">\n\t\t\t\t\t\t<div class=\"elementor-element elementor-element-ff3519d elementor-widget elementor-widget-text-editor\" data-id=\"ff3519d\" data-element_type=\"widget\" data-e-type=\"widget\" data-widget_type=\"text-editor.default\">\n\t\t\t\t<div class=\"elementor-widget-container\">\n\t\t\t\t\t\t\t\t\t<h5>Aktuell sind keine Kurse geplant. Sollten sie Interesse haben, melden sie sich bitte \u00fcber das Kontaktformular.\u00a0<\/h5>\t\t\t\t\t\t\t\t<\/div>\n\t\t\t\t<\/div>\n\t\t\t\t<div class=\"elementor-element elementor-element-b265d56 elementor-widget elementor-widget-button\" data-id=\"b265d56\" data-element_type=\"widget\" data-e-type=\"widget\" data-widget_type=\"button.default\">\n\t\t\t\t<div class=\"elementor-widget-container\">\n\t\t\t\t\t\t\t\t\t<div class=\"elementor-button-wrapper\">\n\t\t\t\t\t<a class=\"elementor-button elementor-button-link elementor-size-sm\" href=\"https:\/\/samariter-appenzell.info\/?page_id=990\">\n\t\t\t\t\t\t<span class=\"elementor-button-content-wrapper\">\n\t\t\t\t\t\t\t\t\t<span class=\"elementor-button-text\">Hier gelangen Sie zum Kontaktformular<\/span>\n\t\t\t\t\t<\/span>\n\t\t\t\t\t<\/a>\n\t\t\t\t<\/div>\n\t\t\t\t\t\t\t\t<\/div>\n\t\t\t\t<\/div>\n\t\t\t\t\t<\/div>\n\t\t<\/div>\n\t\t\t\t\t<\/div>\n\t\t<\/section>\n\t\t\t\t<\/div>\n\t\t","protected":false},"excerpt":{"rendered":"<p>First Aid Stufe 2 Im Kurs First Aid Stufe 2 IVR festigen und erweitern Sie Ihr Wissen in Bezug auf Erste-Hilfe Massnahmen bei akuten Erkrankungen oder K\u00f6rpersch\u00e4digung nach einem Unfall. Sie wiederholen Ihre Grundkenntnisse in Sicherheits- und Hygienemassnahmen. Der Kurs erm\u00f6glicht es Ihnen, im Alltag, bei der Arbeit, in der Familie oder in der Freizeit,&hellip;&nbsp;<a href=\"https:\/\/samariter-appenzell.info\/?page_id=586\" class=\"\" rel=\"bookmark\">Weiterlesen &raquo;<span class=\"screen-reader-text\">First Aid Stufe 2<\/span><\/a><\/p>\n","protected":false},"author":1,"featured_media":0,"parent":692,"menu_order":0,"comment_status":"closed","ping_status":"closed","template":"","meta":{"neve_meta_sidebar":"","neve_meta_container":"","neve_meta_enable_content_width":"","neve_meta_content_width":0,"neve_meta_title_alignment":"","neve_meta_author_avatar":"","neve_post_elements_order":"","neve_meta_disable_header":"","neve_meta_disable_footer":"","neve_meta_disable_title":"","_themeisle_gutenberg_block_has_review":false,"footnotes":""},"class_list":["post-586","page","type-page","status-publish","hentry"],"_links":{"self":[{"href":"https:\/\/samariter-appenzell.info\/index.php?rest_route=\/wp\/v2\/pages\/586","targetHints":{"allow":["GET"]}}],"collection":[{"href":"https:\/\/samariter-appenzell.info\/index.php?rest_route=\/wp\/v2\/pages"}],"about":[{"href":"https:\/\/samariter-appenzell.info\/index.php?rest_route=\/wp\/v2\/types\/page"}],"author":[{"embeddable":true,"href":"https:\/\/samariter-appenzell.info\/index.php?rest_route=\/wp\/v2\/users\/1"}],"replies":[{"embeddable":true,"href":"https:\/\/samariter-appenzell.info\/index.php?rest_route=%2Fwp%2Fv2%2Fcomments&post=586"}],"version-history":[{"count":30,"href":"https:\/\/samariter-appenzell.info\/index.php?rest_route=\/wp\/v2\/pages\/586\/revisions"}],"predecessor-version":[{"id":2039,"href":"https:\/\/samariter-appenzell.info\/index.php?rest_route=\/wp\/v2\/pages\/586\/revisions\/2039"}],"up":[{"embeddable":true,"href":"https:\/\/samariter-appenzell.info\/index.php?rest_route=\/wp\/v2\/pages\/692"}],"wp:attachment":[{"href":"https:\/\/samariter-appenzell.info\/index.php?rest_route=%2Fwp%2Fv2%2Fmedia&parent=586"}],"curies":[{"name":"wp","href":"https:\/\/api.w.org\/{rel}","templated":true}]}}