{"id":555,"date":"2023-11-26T09:36:45","date_gmt":"2023-11-26T09:36:45","guid":{"rendered":"https:\/\/samariter-appenzell.info\/wordpress\/?page_id=555"},"modified":"2025-06-19T05:13:08","modified_gmt":"2025-06-19T05:13:08","slug":"nothelfer","status":"publish","type":"page","link":"https:\/\/samariter-appenzell.info\/?page_id=555","title":{"rendered":"Nothilfekurs"},"content":{"rendered":"\t\t<div data-elementor-type=\"wp-page\" data-elementor-id=\"555\" class=\"elementor elementor-555\">\n\t\t\t\t\t\t<section class=\"elementor-section elementor-top-section elementor-element elementor-element-50a6263 elementor-section-boxed elementor-section-height-default elementor-section-height-default\" data-id=\"50a6263\" data-element_type=\"section\" data-e-type=\"section\">\n\t\t\t\t\t\t<div class=\"elementor-container elementor-column-gap-default\">\n\t\t\t\t\t<div class=\"elementor-column elementor-col-100 elementor-top-column elementor-element elementor-element-2bb67b8\" data-id=\"2bb67b8\" data-element_type=\"column\" data-e-type=\"column\">\n\t\t\t<div class=\"elementor-widget-wrap elementor-element-populated\">\n\t\t\t\t\t\t\t<\/div>\n\t\t<\/div>\n\t\t\t\t\t<\/div>\n\t\t<\/section>\n\t\t\t\t<section class=\"elementor-section elementor-top-section elementor-element elementor-element-eb489dc elementor-section-boxed elementor-section-height-default elementor-section-height-default\" data-id=\"eb489dc\" data-element_type=\"section\" data-e-type=\"section\">\n\t\t\t\t\t\t<div class=\"elementor-container elementor-column-gap-default\">\n\t\t\t\t\t<div class=\"elementor-column elementor-col-66 elementor-top-column elementor-element elementor-element-4c4addd\" data-id=\"4c4addd\" data-element_type=\"column\" data-e-type=\"column\">\n\t\t\t<div class=\"elementor-widget-wrap elementor-element-populated\">\n\t\t\t\t\t\t<div class=\"elementor-element elementor-element-e20126b elementor-widget elementor-widget-text-editor\" data-id=\"e20126b\" data-element_type=\"widget\" data-e-type=\"widget\" data-widget_type=\"text-editor.default\">\n\t\t\t\t<div class=\"elementor-widget-container\">\n\t\t\t\t\t\t\t\t\t<div>\n<h2>Nothilfekurs<\/h2>\n<p>Im Nothilfekurs \u2013 auch als Nothelferkurs bekannt \u2013 erlernen Sie lebensrettende Sofortmassnahmen.<\/p>\n<\/div>\n<div>\n<p>Diese erm\u00f6glichen es Ihnen, bei Verkehrsunf\u00e4llen sicher Erste Hilfe zu leisten und bei medizinischen Notf\u00e4llen die richtigen Massnahmen zu treffen. Der Kurs ist f\u00fcr F\u00fchrerausweiserwerbende obligatorisch.<\/p>\n<h4>Inhalt<\/h4>\n<\/div>\n<div>\n<div>\n<div>\n<div>\n<p>Auf abwechslungsreiche und spielerische Weise trainieren Sie in realistisch nachgestellten Szenen das sichere Verhalten nach einem Verkehrsunfall oder einem medizinischen Notfall. Der Kurs beinhaltet unter anderem folgende Themen:<\/p>\n<ul>\n<li>Verkehrsunfall<\/li>\n<li>Gefahren nach einem Verkehrsunfall erkennen<\/li>\n<li>Alarmierung<\/li>\n<li>Patientenbeurteilung und weitere Massnahmen<\/li>\n<li>Reanimation, BLS-AED<\/li>\n<\/ul>\n<p>Der Unterricht vermittelt auf einfache Art viel praktisches Wissen und basiert auf den aktuellsten Richtlinien f\u00fcr Erste Hilfe.<\/p>\n<p><strong>Zielgruppe<\/strong><br \/>F\u00fchrerausweiserwerbende, aber auch Fahrzeuglenker, die Ihr Erste-Hilfe-Wissen auffrischen m\u00f6chten.<\/p>\n<p><strong>Voraussetzungen<\/strong><br \/>Keine<\/p>\n<p><strong>Dauer<\/strong><br \/>10 Stunden<\/p>\n<p><strong>Kosten<\/strong><br \/>150 .-<\/p>\n<p><strong>Zertifikat<\/strong><br \/>Nach Abschluss des Kurses erhalten Sie das Kurs-Zertifikat Nothilfekurs (G\u00fcltigkeit 6 Jahre).<\/p>\n<\/div>\n<\/div>\n<\/div>\n<\/div>\t\t\t\t\t\t\t\t<\/div>\n\t\t\t\t<\/div>\n\t\t\t\t\t<\/div>\n\t\t<\/div>\n\t\t\t\t<div class=\"elementor-column elementor-col-33 elementor-top-column elementor-element elementor-element-d821eaa\" data-id=\"d821eaa\" data-element_type=\"column\" data-e-type=\"column\">\n\t\t\t<div class=\"elementor-widget-wrap elementor-element-populated\">\n\t\t\t\t\t\t<div class=\"elementor-element elementor-element-6c074c9 elementor-widget elementor-widget-text-editor\" data-id=\"6c074c9\" data-element_type=\"widget\" data-e-type=\"widget\" data-widget_type=\"text-editor.default\">\n\t\t\t\t<div class=\"elementor-widget-container\">\n\t\t\t\t\t\t\t\t\t<h4>Sie m\u00f6chten einen Nothilfekurs besuchen?<\/h4><p>Schauen sie unter der Rubrik Kurse und dann Termine, dort finden Sie die aktuellen Daten.\u00a0\u00a0<\/p>\t\t\t\t\t\t\t\t<\/div>\n\t\t\t\t<\/div>\n\t\t\t\t\t<\/div>\n\t\t<\/div>\n\t\t\t\t\t<\/div>\n\t\t<\/section>\n\t\t\t\t<section class=\"elementor-section elementor-top-section elementor-element elementor-element-c20353b elementor-section-boxed elementor-section-height-default elementor-section-height-default\" data-id=\"c20353b\" data-element_type=\"section\" data-e-type=\"section\">\n\t\t\t\t\t\t<div class=\"elementor-container elementor-column-gap-default\">\n\t\t\t\t\t<div class=\"elementor-column elementor-col-100 elementor-top-column elementor-element elementor-element-7db0d2f\" data-id=\"7db0d2f\" data-element_type=\"column\" data-e-type=\"column\">\n\t\t\t<div class=\"elementor-widget-wrap\">\n\t\t\t\t\t\t\t<\/div>\n\t\t<\/div>\n\t\t\t\t\t<\/div>\n\t\t<\/section>\n\t\t\t\t<\/div>\n\t\t","protected":false},"excerpt":{"rendered":"<p>Nothilfekurs Im Nothilfekurs \u2013 auch als Nothelferkurs bekannt \u2013 erlernen Sie lebensrettende Sofortmassnahmen. Diese erm\u00f6glichen es Ihnen, bei Verkehrsunf\u00e4llen sicher Erste Hilfe zu leisten und bei medizinischen Notf\u00e4llen die richtigen Massnahmen zu treffen. Der Kurs ist f\u00fcr F\u00fchrerausweiserwerbende obligatorisch. Inhalt Auf abwechslungsreiche und spielerische Weise trainieren Sie in realistisch nachgestellten Szenen das sichere Verhalten nach&hellip;&nbsp;<a href=\"https:\/\/samariter-appenzell.info\/?page_id=555\" class=\"\" rel=\"bookmark\">Weiterlesen &raquo;<span class=\"screen-reader-text\">Nothilfekurs<\/span><\/a><\/p>\n","protected":false},"author":1,"featured_media":0,"parent":692,"menu_order":0,"comment_status":"closed","ping_status":"closed","template":"","meta":{"neve_meta_sidebar":"","neve_meta_container":"","neve_meta_enable_content_width":"","neve_meta_content_width":0,"neve_meta_title_alignment":"","neve_meta_author_avatar":"","neve_post_elements_order":"","neve_meta_disable_header":"","neve_meta_disable_footer":"","neve_meta_disable_title":"","_themeisle_gutenberg_block_has_review":false,"footnotes":""},"class_list":["post-555","page","type-page","status-publish","hentry"],"_links":{"self":[{"href":"https:\/\/samariter-appenzell.info\/index.php?rest_route=\/wp\/v2\/pages\/555","targetHints":{"allow":["GET"]}}],"collection":[{"href":"https:\/\/samariter-appenzell.info\/index.php?rest_route=\/wp\/v2\/pages"}],"about":[{"href":"https:\/\/samariter-appenzell.info\/index.php?rest_route=\/wp\/v2\/types\/page"}],"author":[{"embeddable":true,"href":"https:\/\/samariter-appenzell.info\/index.php?rest_route=\/wp\/v2\/users\/1"}],"replies":[{"embeddable":true,"href":"https:\/\/samariter-appenzell.info\/index.php?rest_route=%2Fwp%2Fv2%2Fcomments&post=555"}],"version-history":[{"count":164,"href":"https:\/\/samariter-appenzell.info\/index.php?rest_route=\/wp\/v2\/pages\/555\/revisions"}],"predecessor-version":[{"id":2283,"href":"https:\/\/samariter-appenzell.info\/index.php?rest_route=\/wp\/v2\/pages\/555\/revisions\/2283"}],"up":[{"embeddable":true,"href":"https:\/\/samariter-appenzell.info\/index.php?rest_route=\/wp\/v2\/pages\/692"}],"wp:attachment":[{"href":"https:\/\/samariter-appenzell.info\/index.php?rest_route=%2Fwp%2Fv2%2Fmedia&parent=555"}],"curies":[{"name":"wp","href":"https:\/\/api.w.org\/{rel}","templated":true}]}}