{"id":309,"date":"2020-01-13T11:17:52","date_gmt":"2020-01-13T11:17:52","guid":{"rendered":"https:\/\/demosites.io\/web-agency-gb\/?page_id=5"},"modified":"2025-05-06T12:12:51","modified_gmt":"2025-05-06T12:12:51","slug":"15c42-web-agency-gb-home","status":"publish","type":"page","link":"https:\/\/samariter-appenzell.info\/","title":{"rendered":"Willkommen"},"content":{"rendered":"\t\t<div data-elementor-type=\"wp-page\" data-elementor-id=\"309\" class=\"elementor elementor-309\">\n\t\t\t\t\t\t<section class=\"elementor-section elementor-top-section elementor-element elementor-element-fb4520a elementor-section-boxed elementor-section-height-default elementor-section-height-default\" data-id=\"fb4520a\" data-element_type=\"section\" data-e-type=\"section\">\n\t\t\t\t\t\t<div class=\"elementor-container elementor-column-gap-default\">\n\t\t\t\t\t<div class=\"elementor-column elementor-col-100 elementor-top-column elementor-element elementor-element-feafa73\" data-id=\"feafa73\" data-element_type=\"column\" data-e-type=\"column\">\n\t\t\t<div class=\"elementor-widget-wrap elementor-element-populated\">\n\t\t\t\t\t\t<div class=\"elementor-element elementor-element-4c7d3b9 elementor-widget elementor-widget-image\" data-id=\"4c7d3b9\" data-element_type=\"widget\" data-e-type=\"widget\" data-widget_type=\"image.default\">\n\t\t\t\t<div class=\"elementor-widget-container\">\n\t\t\t\t\t\t\t\t\t\t\t\t\t\t\t<img decoding=\"async\" width=\"314\" height=\"66\" src=\"https:\/\/samariter-appenzell.info\/wp-content\/uploads\/2025\/05\/Unbenannt.jpg\" class=\"attachment-large size-large wp-image-2242\" alt=\"\" srcset=\"https:\/\/samariter-appenzell.info\/wp-content\/uploads\/2025\/05\/Unbenannt.jpg 314w, https:\/\/samariter-appenzell.info\/wp-content\/uploads\/2025\/05\/Unbenannt-300x63.jpg 300w\" sizes=\"(max-width: 314px) 100vw, 314px\" \/>\t\t\t\t\t\t\t\t\t\t\t\t\t\t\t<\/div>\n\t\t\t\t<\/div>\n\t\t\t\t<div class=\"elementor-element elementor-element-31c7bf9 elementor-widget elementor-widget-heading\" data-id=\"31c7bf9\" data-element_type=\"widget\" data-e-type=\"widget\" data-widget_type=\"heading.default\">\n\t\t\t\t<div class=\"elementor-widget-container\">\n\t\t\t\t\t<h2 class=\"elementor-heading-title elementor-size-default\"><strong>Machen auch Sie mit!<\/strong><\/h2>\t\t\t\t<\/div>\n\t\t\t\t<\/div>\n\t\t\t\t\t<\/div>\n\t\t<\/div>\n\t\t\t\t\t<\/div>\n\t\t<\/section>\n\t\t\t\t<section class=\"elementor-section elementor-top-section elementor-element elementor-element-ce6b148 elementor-section-boxed elementor-section-height-default elementor-section-height-default\" data-id=\"ce6b148\" data-element_type=\"section\" data-e-type=\"section\">\n\t\t\t\t\t\t<div class=\"elementor-container elementor-column-gap-default\">\n\t\t\t\t\t<div class=\"elementor-column elementor-col-100 elementor-top-column elementor-element elementor-element-5fccd90\" data-id=\"5fccd90\" data-element_type=\"column\" data-e-type=\"column\">\n\t\t\t<div class=\"elementor-widget-wrap elementor-element-populated\">\n\t\t\t\t\t\t<div class=\"elementor-element elementor-element-1ffdea1 elementor-widget elementor-widget-text-editor\" data-id=\"1ffdea1\" data-element_type=\"widget\" data-e-type=\"widget\" data-widget_type=\"text-editor.default\">\n\t\t\t\t<div class=\"elementor-widget-container\">\n\t\t\t\t\t\t\t\t\t<p>Wer sich freiwillig und sozial engagieren m\u00f6chte, findet im Samariterverein Appenzell die passende M\u00f6glichkeit.\u00a0<\/p><p>Sie k\u00f6nnen:<br \/>\u00b7\u00a0\u00a0 \u00a0 \u00a0 an\u00a0monatlichen \u00dcbungen teilnehmen<br \/>\u00b7\u00a0\u00a0 \u00a0 \u00a0 bei\u00a0Sanit\u00e4tsdienst von Veranstaltungen mitarbeiten<br \/>\u00b7\u00a0\u00a0 \u00a0 \u00a0 in\u00a0Bev\u00f6lkerungskursen mithelfen<span style=\"background-color: var(--nv-site-bg); color: var(--nv-text-color); font-family: var(--bodyfontfamily),var(--nv-fallback-ff); font-size: var(--bodyfontsize); font-weight: var(--bodyfontweight); letter-spacing: var(--bodyletterspacing); text-transform: var(--bodytexttransform);\">\u00a0 \u00a0 \u00a0 \u00a0 \u00a0 \u00a0 \u00a0 \u00a0 \u00a0 \u00a0 \u00a0 \u00a0 \u00a0 \u00a0 \u00a0 \u00a0 \u00a0 \u00a0 \u00a0 \u00a0 \u00a0 \u00a0 \u00a0 \u00a0 \u00a0 \u00a0 \u00a0 \u00a0 \u00a0 \u00a0 \u00a0 \u00a0 \u00a0 \u00a0 \u00a0 \u00a0 \u00a0 \u00a0 \u00a0 \u00a0 \u00a0 \u00a0 \u00a0 \u00a0 \u00a0 \u00a0 \u00a0 \u00a0 \u00a0 \u00a0 \u00a0 \u00a0 \u00a0 \u00a0 \u00a0 \u00a0 \u00a0 \u00a0 \u00a0 \u00a0 \u00a0 \u00a0 \u00a0 \u00a0 \u00a0 \u00a0 \u00a0 \u00a0 \u00a0 \u00a0 \u00a0 \u00a0 \u00a0 \u00a0 \u00a0 \u00a0 \u00a0 \u00a0 \u00a0 \u00a0 \u00a0 \u00a0 \u00a0 \u00a0 \u00a0 \u00a0 \u00a0 \u00a0 \u00b7\u00a0 \u00a0 \u00a0 \u00a0zus\u00e4tzliche Funktionen und\/oder Verantwortung \u00fcbernehmen\u00a0<\/span><\/p><p>Als Mitglied im Samariterverein Appenzell erhalten Sie regelm\u00e4\u00dfig Schulungen und Weiterbildungen, damit Sie auf dem aktuellen und zeitgem\u00e4\u00dfen Wissensstand sind.\u00a0<\/p><p>Kameradschaft, Geselligkeit und Spass kommen selbstverst\u00e4ndlich nicht zu kurz.<\/p><p>Sie m\u00f6chten anderen Menschen, die aufgrund einer Erkrankung oder Verletzung in einer Notlage sind, richtig helfen?<br \/>Dann sind Sie genau richtig.\u00a0<\/p><p>Melden Sie sich noch heute, damit Sie weitere Informationen erhalten und in einer Monats\u00fcbung unverbindlich schnuppern k\u00f6nnen.<\/p><p><strong>Unser Vereinslokal finden Sie an folgender Adresse: Rinkenbach 28, 9050 Appenzell.<\/strong><\/p>\t\t\t\t\t\t\t\t<\/div>\n\t\t\t\t<\/div>\n\t\t\t\t\t<\/div>\n\t\t<\/div>\n\t\t\t\t\t<\/div>\n\t\t<\/section>\n\t\t\t\t<section class=\"elementor-section elementor-top-section elementor-element elementor-element-688ce9c elementor-section-boxed elementor-section-height-default elementor-section-height-default\" data-id=\"688ce9c\" data-element_type=\"section\" data-e-type=\"section\">\n\t\t\t\t\t\t<div class=\"elementor-container elementor-column-gap-default\">\n\t\t\t\t\t<div class=\"elementor-column elementor-col-100 elementor-top-column elementor-element elementor-element-394403f\" data-id=\"394403f\" data-element_type=\"column\" data-e-type=\"column\">\n\t\t\t<div class=\"elementor-widget-wrap elementor-element-populated\">\n\t\t\t\t\t\t<div class=\"elementor-element elementor-element-80cff68 elementor-widget elementor-widget-heading\" data-id=\"80cff68\" data-element_type=\"widget\" data-e-type=\"widget\" data-widget_type=\"heading.default\">\n\t\t\t\t<div class=\"elementor-widget-container\">\n\t\t\t\t\t<h2 class=\"elementor-heading-title elementor-size-default\">Wir freuen uns auch \u00fcber eine Spende<\/h2>\t\t\t\t<\/div>\n\t\t\t\t<\/div>\n\t\t\t\t\t<\/div>\n\t\t<\/div>\n\t\t\t\t\t<\/div>\n\t\t<\/section>\n\t\t\t\t<section class=\"elementor-section elementor-top-section elementor-element elementor-element-bf26eb4 elementor-section-boxed elementor-section-height-default elementor-section-height-default\" data-id=\"bf26eb4\" data-element_type=\"section\" data-e-type=\"section\">\n\t\t\t\t\t\t<div class=\"elementor-container elementor-column-gap-default\">\n\t\t\t\t\t<div class=\"elementor-column elementor-col-66 elementor-top-column elementor-element elementor-element-2414c99\" data-id=\"2414c99\" data-element_type=\"column\" data-e-type=\"column\">\n\t\t\t<div class=\"elementor-widget-wrap elementor-element-populated\">\n\t\t\t\t\t\t<div class=\"elementor-element elementor-element-231a0c0 elementor-widget elementor-widget-image\" data-id=\"231a0c0\" data-element_type=\"widget\" data-e-type=\"widget\" data-widget_type=\"image.default\">\n\t\t\t\t<div class=\"elementor-widget-container\">\n\t\t\t\t\t\t\t\t\t\t\t\t\t\t\t<img fetchpriority=\"high\" decoding=\"async\" width=\"300\" height=\"290\" src=\"https:\/\/samariter-appenzell.info\/wp-content\/uploads\/2025\/03\/IMG_8605-300x290.jpg\" class=\"attachment-medium size-medium wp-image-2229\" alt=\"\" srcset=\"https:\/\/samariter-appenzell.info\/wp-content\/uploads\/2025\/03\/IMG_8605-300x290.jpg 300w, https:\/\/samariter-appenzell.info\/wp-content\/uploads\/2025\/03\/IMG_8605-1024x990.jpg 1024w, https:\/\/samariter-appenzell.info\/wp-content\/uploads\/2025\/03\/IMG_8605-768x742.jpg 768w, https:\/\/samariter-appenzell.info\/wp-content\/uploads\/2025\/03\/IMG_8605.jpg 1290w\" sizes=\"(max-width: 300px) 100vw, 300px\" \/>\t\t\t\t\t\t\t\t\t\t\t\t\t\t\t<\/div>\n\t\t\t\t<\/div>\n\t\t\t\t\t<\/div>\n\t\t<\/div>\n\t\t\t\t<div class=\"elementor-column elementor-col-33 elementor-top-column elementor-element elementor-element-d20ecdd\" data-id=\"d20ecdd\" data-element_type=\"column\" data-e-type=\"column\">\n\t\t\t<div class=\"elementor-widget-wrap\">\n\t\t\t\t\t\t\t<\/div>\n\t\t<\/div>\n\t\t\t\t\t<\/div>\n\t\t<\/section>\n\t\t\t\t<\/div>\n\t\t","protected":false},"excerpt":{"rendered":"<p>Machen auch Sie mit! Wer sich freiwillig und sozial engagieren m\u00f6chte, findet im Samariterverein Appenzell die passende M\u00f6glichkeit.\u00a0 Sie k\u00f6nnen:\u00b7\u00a0\u00a0 \u00a0 \u00a0 an\u00a0monatlichen \u00dcbungen teilnehmen\u00b7\u00a0\u00a0 \u00a0 \u00a0 bei\u00a0Sanit\u00e4tsdienst von Veranstaltungen mitarbeiten\u00b7\u00a0\u00a0 \u00a0 \u00a0 in\u00a0Bev\u00f6lkerungskursen mithelfen\u00a0 \u00a0 \u00a0 \u00a0 \u00a0 \u00a0 \u00a0 \u00a0 \u00a0 \u00a0 \u00a0 \u00a0 \u00a0 \u00a0 \u00a0 \u00a0 \u00a0 \u00a0 \u00a0 \u00a0 \u00a0&hellip;&nbsp;<a href=\"https:\/\/samariter-appenzell.info\/\" class=\"\" rel=\"bookmark\">Weiterlesen &raquo;<span class=\"screen-reader-text\">Willkommen<\/span><\/a><\/p>\n","protected":false},"author":1,"featured_media":0,"parent":0,"menu_order":0,"comment_status":"closed","ping_status":"closed","template":"","meta":{"neve_meta_sidebar":"default","neve_meta_container":"default","neve_meta_enable_content_width":"on","neve_meta_content_width":100,"neve_meta_title_alignment":"","neve_meta_author_avatar":"","neve_post_elements_order":"","neve_meta_disable_header":"","neve_meta_disable_footer":"","neve_meta_disable_title":"on","_themeisle_gutenberg_block_has_review":false,"footnotes":""},"class_list":["post-309","page","type-page","status-publish","hentry"],"_links":{"self":[{"href":"https:\/\/samariter-appenzell.info\/index.php?rest_route=\/wp\/v2\/pages\/309","targetHints":{"allow":["GET"]}}],"collection":[{"href":"https:\/\/samariter-appenzell.info\/index.php?rest_route=\/wp\/v2\/pages"}],"about":[{"href":"https:\/\/samariter-appenzell.info\/index.php?rest_route=\/wp\/v2\/types\/page"}],"author":[{"embeddable":true,"href":"https:\/\/samariter-appenzell.info\/index.php?rest_route=\/wp\/v2\/users\/1"}],"replies":[{"embeddable":true,"href":"https:\/\/samariter-appenzell.info\/index.php?rest_route=%2Fwp%2Fv2%2Fcomments&post=309"}],"version-history":[{"count":146,"href":"https:\/\/samariter-appenzell.info\/index.php?rest_route=\/wp\/v2\/pages\/309\/revisions"}],"predecessor-version":[{"id":2252,"href":"https:\/\/samariter-appenzell.info\/index.php?rest_route=\/wp\/v2\/pages\/309\/revisions\/2252"}],"wp:attachment":[{"href":"https:\/\/samariter-appenzell.info\/index.php?rest_route=%2Fwp%2Fv2%2Fmedia&parent=309"}],"curies":[{"name":"wp","href":"https:\/\/api.w.org\/{rel}","templated":true}]}}